{"id":3,"date":"2022-06-03T15:14:30","date_gmt":"2022-06-03T15:14:30","guid":{"rendered":"https:\/\/www.morelloaustera.com\/?page_id=3"},"modified":"2022-09-09T09:59:33","modified_gmt":"2022-09-09T09:59:33","slug":"privacy-policy","status":"publish","type":"page","link":"https:\/\/www.morelloaustera.com\/it\/privacy-policy\/","title":{"rendered":"Privacy Policy"},"content":{"rendered":"<div class=\"wpb-content-wrapper\"><p>[vc_row][vc_column][vc_custom_heading text=&#8221;Privacy Policy&#8221; use_theme_fonts=&#8221;yes&#8221; el_class=&#8221;titolomisto&#8221; css=&#8221;.vc_custom_1662717558726{padding-top: 50px !important;padding-bottom: 50px !important;}&#8221;][vc_column_text el_class=&#8221;informativa&#8221;]Desideriamo informarla che il \u201cRegolamento Europeo 2016\/679 relativo alla protezione delle persone fisiche con riguardo al Trattamento dei Dati Personali, nonch\u00e9 alla libera circolazione di tali dati\u201d (da ora in poi \u201cGDPR\u201d) prevede la tutela delle persone e di altri soggetti rispetto al trattamento dei dati personali.<\/p>\n<p><strong>Soc. agricola morelloaustera<\/strong>, in qualit\u00e0 di \u201cTitolare\u201d del trattamento, ai sensi dell\u2019art. 13 del GDPR, pertanto, Le fornisce le seguenti informazioni:<\/p>\n<ol>\n<li><strong>CATEGORIE DI DATI:<\/strong> Soc. agricola morelloaustera tratter\u00e0 le seguenti tipologie di dati personali:\n<ol>\n<li><strong>Dati raccolti in automatico:<\/strong><br \/>\ni sistemi informatici alla base di questo sito web rilevano, nel corso del loro normale funzionamento, alcuni dati (la cui trasmissione \u00e8 implicita nell\u2019uso dei protocolli di comunicazione di Internet) potenzialmente associati ad utenti identificabili.<br \/>\nTra i dati raccolti, sono compresi gli indirizzi IP dei dispositivi utilizzati dagli utenti che si connettono al sito, gli indirizzi URI (Uniform Resource Identifier) delle risorse richieste, l\u2019orario della richiesta, il metodo utilizzato nel sottoporre la richiesta al server, la dimensione del file ottenuto in risposta, il codice numerico indicante lo stato della risposta data dal server (buon fine, errore, ecc.) ed altri parametri riguardanti il sistema operativo, il browser e l\u2019ambiente informatico utilizzato dall\u2019utente.<br \/>\nQuesti dati vengono trattati, per il tempo strettamente necessario, al solo fine di ricavare informazioni statistiche sull\u2019uso del sito e per controllarne il regolare funzionamento. Il conferimento di tali dati \u00e8 obbligatorio in quanto direttamente collegato all\u2019esperienza di navigazione web.<\/li>\n<li><strong>Dati forniti volontariamente dall\u2019utente.<\/strong><br \/>\nQuesti dati possono essere conferiti tramite l\u2019invio volontario ed esplicito di messaggi di posta elettronica agli indirizzi indicati nelle pagine di questo sito. Queste operazioni non comportano richiesta di consenso.<br \/>\nAl contrario, specifiche informative di sintesi saranno riportate o visualizzate nelle pagine del sito predisposte per particolari servizi a richiesta (form). L\u2019utente dovr\u00e0 pertanto acconsentire esplicitamente all\u2019utilizzo dei dati riportati in questi form per poter inviare la richiesta, che comporter\u00e0 la successiva acquisizione dell\u2019indirizzo e dei dati del mittente, necessari per rispondere alle comunicazioni inviate e\/o erogare il servizio richiesto.<\/li>\n<li><strong>Cookies.<\/strong><br \/>\nQuesto sito utilizza cookie. I dati raccolti grazie ai cookie possono servire per accedere a delle parti del sito o per fini statistici o per rendere l\u2019esperienza di navigazione pi\u00f9 piacevole e pi\u00f9 efficiente in futuro. Per maggiori informazioni \u00e8 disponibile una apposita\u00a0<a href=\"https:\/\/www.morelloaustera.com\/it\/cookie-policy\/\">cookie policy<\/a>.<\/li>\n<\/ol>\n<\/li>\n<li><strong>FONTE DEI DATI PERSONALI<\/strong>: I dati personali di cui Soc. agricola morelloaustera sar\u00e0 in possesso sono raccolti direttamente dall\u2019interessato all\u2019atto della compilazione del form dei contatti \/ invio mail.<\/li>\n<li><strong>DATI DI CONTATTO DEL D.P.O.<\/strong>: ai sensi dell\u2019art. 37, primo paragrafo, del GDPR, Soc. agricola morelloaustera non \u00e8 obbligata ad istituire un D.P.O.<\/li>\n<li><strong>TITOLARE DEL TRATTAMENTO<\/strong>: Il titolare del trattamento \u00e8 Soc. agricola morelloaustera<br \/>\nVAT 0231 7820 419\u00a0 &#8211;\u00a0 loc. San Rocco Meleta 12 &#8211; 61044 Cantiano PU Italy &#8211; Phone +39 0721 789235\u00a0&#8211; info@morelloaustera.it<\/li>\n<li><strong>FINALIT\u00c0 DI TRATTAMENTO DEI DATI E BASE GIURIDICA<\/strong>: Il trattamento dei Suoi dati, ha come base giuridica il suo consenso ed \u00e8 effettuato per le seguenti finalit\u00e0:\n<ol>\n<li>Migliorare l\u2019esperienza di navigazione web;<\/li>\n<li>inviare comunicazioni di tipo formativo, informativo e commerciale, in risposta alle specifiche richieste inviate via mail \/ form;<\/li>\n<li>procedere con l\u2019iscrizione alla newsletter (in presenza di esplicito consenso);<\/li>\n<li>Valutare il comportamento degli utenti e modificare la proposizione di offerta dei contenuti in funzione del loro comportamento (cookie).<\/li>\n<\/ol>\n<\/li>\n<li><strong>DESTINATARI DEI DATI<\/strong>: Nei limiti pertinenti alle finalit\u00e0 di trattamento indicate, i Suoi dati potranno essere comunicati a partner, societ\u00e0 di consulenza, aziende private, nominati Responsabili dal Titolare del Trattamento. I Suoi dati non saranno in alcun modo oggetto di diffusione. I Responsabili e gli Incaricati del trattamento in carica sono indicati nel Documento sulla Privacy, aggiornato con cadenza periodica.<\/li>\n<li><strong>TRASFERIMENTO DEI DATI ALL\u2019ESTERO<\/strong>: i dati raccolti non saranno oggetto di trasferimento all\u2019estero.<\/li>\n<li><strong>PERIODO DI CONSERVAZIONE<\/strong>: I dati raccolti verranno conservati per un arco di tempo non superiore al conseguimento delle finalit\u00e0 per le quali sono trattati (\u201cprincipio di limitazione della conservazione\u201d, art.5, GDPR) o in base alle scadenze previste dalle norme di legge. La verifica sulla obsolescenza dei dati conservati in relazione alle finalit\u00e0 per cui sono stati raccolti viene effettuata periodicamente.<\/li>\n<li><strong>DIRITTI DELL\u2019INTERESSATO:<\/strong>\u00a0L\u2019interessato ha sempre diritto a richiedere al Titolare l\u2019accesso ai Suoi dati, la rettifica o la cancellazione degli stessi, la limitazione del trattamento o la possibilit\u00e0 di opporsi al trattamento, di richiedere la portabilit\u00e0 dei dati, di revocare il consenso al trattamento facendo valere questi e gli altri diritti previsti dal GDPR tramite semplice comunicazione al Titolare. L\u2018interessato pu\u00f2 proporre reclamo anche a un\u2019autorit\u00e0 di controllo.<\/li>\n<li><strong>OBBLIGATORIET\u00c0 O MENO DEL CONFERIMENTO DATI:<\/strong>\u00a0La informiamo che il conferimento dei dati \u00e8 per alcuni campi facoltativo e per altri (segnalati da un asterisco) obbligatorio e il mancato conferimento dei dati obbligatori non permette l\u2019invio del form.<\/li>\n<li><strong>OBBLIGATORIET\u00c0 DEL CONSENSO:<\/strong>\u00a0La prestazione del consenso al trattamento dati tramite apposita spunta \u00e8 facoltativa, ma indispensabile per procedere con l\u2019invio del form.<\/li>\n<li><strong>MODALIT\u00c0 DI TRATTAMENTO DEI DATI:<\/strong>\u00a0I dati personali da Lei forniti, formeranno oggetto di operazioni di trattamento nel rispetto della normativa sopracitata e degli obblighi di riservatezza cui \u00e8 ispirata l\u2019attivit\u00e0 del Titolare. I dati verranno trattati sia con strumenti informatici sia su supporti cartacei sia su ogni altro tipo di supporto idoneo, nel rispetto di adeguate misure tecniche ed organizzative di sicurezza previste dal GDPR.<\/li>\n<\/ol>\n<p>[\/vc_column_text][\/vc_column][\/vc_row]<\/p>\n<\/div>","protected":false},"excerpt":{"rendered":"<p>[vc_row][vc_column][vc_custom_heading text=&#8221;Privacy Policy&#8221; use_theme_fonts=&#8221;yes&#8221; el_class=&#8221;titolomisto&#8221; css=&#8221;.vc_custom_1662717558726{padding-top: 50px !important;padding-bottom: 50px !important;}&#8221;][vc_column_text el_class=&#8221;informativa&#8221;]Desideriamo informarla che il \u201cRegolamento Europeo 2016\/679 relativo alla protezione delle persone fisiche con riguardo al Trattamento dei Dati Personali, nonch\u00e9 alla libera circolazione di tali dati\u201d (da ora in poi \u201cGDPR\u201d) prevede la tutela delle persone e di altri soggetti rispetto al trattamento dei [&hellip;]<\/p>\n","protected":false},"author":1,"featured_media":0,"parent":0,"menu_order":0,"comment_status":"closed","ping_status":"closed","template":"fullwidth.php","meta":{"_acf_changed":false,"content-type":"","footnotes":""},"class_list":["post-3","page","type-page","status-publish","hentry"],"acf":[],"yoast_head":"<!-- This site is optimized with the Yoast SEO plugin v26.0 - https:\/\/yoast.com\/wordpress\/plugins\/seo\/ -->\n<title>Privacy Policy - morelloAustera<\/title>\n<meta name=\"robots\" content=\"index, follow, max-snippet:-1, max-image-preview:large, max-video-preview:-1\" \/>\n<link rel=\"canonical\" href=\"https:\/\/www.morelloaustera.com\/it\/privacy-policy\/\" \/>\n<meta property=\"og:locale\" content=\"it_IT\" \/>\n<meta property=\"og:type\" content=\"article\" \/>\n<meta property=\"og:title\" content=\"Privacy Policy - morelloAustera\" \/>\n<meta property=\"og:description\" content=\"[vc_row][vc_column][vc_custom_heading text=&#8221;Privacy Policy&#8221; use_theme_fonts=&#8221;yes&#8221; el_class=&#8221;titolomisto&#8221; css=&#8221;.vc_custom_1662717558726{padding-top: 50px !important;padding-bottom: 50px !important;}&#8221;][vc_column_text el_class=&#8221;informativa&#8221;]Desideriamo informarla che il \u201cRegolamento Europeo 2016\/679 relativo alla protezione delle persone fisiche con riguardo al Trattamento dei Dati Personali, nonch\u00e9 alla libera circolazione di tali dati\u201d (da ora in poi \u201cGDPR\u201d) prevede la tutela delle persone e di altri soggetti rispetto al trattamento dei [&hellip;]\" \/>\n<meta property=\"og:url\" content=\"https:\/\/www.morelloaustera.com\/it\/privacy-policy\/\" \/>\n<meta property=\"og:site_name\" content=\"morelloAustera\" \/>\n<meta property=\"article:publisher\" content=\"https:\/\/www.facebook.com\/morelloaustera.austera\" \/>\n<meta property=\"article:modified_time\" content=\"2022-09-09T09:59:33+00:00\" \/>\n<meta property=\"og:image\" content=\"https:\/\/www.morelloaustera.com\/wp-content\/uploads\/2022\/08\/img-sito-morello-16.jpg\" \/>\n\t<meta property=\"og:image:width\" content=\"1921\" \/>\n\t<meta property=\"og:image:height\" content=\"992\" \/>\n\t<meta property=\"og:image:type\" content=\"image\/jpeg\" \/>\n<meta name=\"twitter:card\" content=\"summary_large_image\" \/>\n<meta name=\"twitter:label1\" content=\"Tempo di lettura stimato\" \/>\n\t<meta name=\"twitter:data1\" content=\"5 minuti\" \/>\n<script type=\"application\/ld+json\" class=\"yoast-schema-graph\">{\"@context\":\"https:\/\/schema.org\",\"@graph\":[{\"@type\":\"WebPage\",\"@id\":\"https:\/\/www.morelloaustera.com\/it\/privacy-policy\/\",\"url\":\"https:\/\/www.morelloaustera.com\/it\/privacy-policy\/\",\"name\":\"Privacy Policy - morelloAustera\",\"isPartOf\":{\"@id\":\"https:\/\/www.morelloaustera.com\/it\/#website\"},\"datePublished\":\"2022-06-03T15:14:30+00:00\",\"dateModified\":\"2022-09-09T09:59:33+00:00\",\"breadcrumb\":{\"@id\":\"https:\/\/www.morelloaustera.com\/it\/privacy-policy\/#breadcrumb\"},\"inLanguage\":\"it-IT\",\"potentialAction\":[{\"@type\":\"ReadAction\",\"target\":[\"https:\/\/www.morelloaustera.com\/it\/privacy-policy\/\"]}]},{\"@type\":\"BreadcrumbList\",\"@id\":\"https:\/\/www.morelloaustera.com\/it\/privacy-policy\/#breadcrumb\",\"itemListElement\":[{\"@type\":\"ListItem\",\"position\":1,\"name\":\"Home\",\"item\":\"https:\/\/www.morelloaustera.com\/it\/\"},{\"@type\":\"ListItem\",\"position\":2,\"name\":\"Privacy Policy\"}]},{\"@type\":\"WebSite\",\"@id\":\"https:\/\/www.morelloaustera.com\/it\/#website\",\"url\":\"https:\/\/www.morelloaustera.com\/it\/\",\"name\":\"morelloAustera\",\"description\":\"L&#039;amarena di Cantiano\",\"publisher\":{\"@id\":\"https:\/\/www.morelloaustera.com\/it\/#organization\"},\"potentialAction\":[{\"@type\":\"SearchAction\",\"target\":{\"@type\":\"EntryPoint\",\"urlTemplate\":\"https:\/\/www.morelloaustera.com\/it\/?s={search_term_string}\"},\"query-input\":{\"@type\":\"PropertyValueSpecification\",\"valueRequired\":true,\"valueName\":\"search_term_string\"}}],\"inLanguage\":\"it-IT\"},{\"@type\":\"Organization\",\"@id\":\"https:\/\/www.morelloaustera.com\/it\/#organization\",\"name\":\"Morelloaustera\",\"url\":\"https:\/\/www.morelloaustera.com\/it\/\",\"logo\":{\"@type\":\"ImageObject\",\"inLanguage\":\"it-IT\",\"@id\":\"https:\/\/www.morelloaustera.com\/it\/#\/schema\/logo\/image\/\",\"url\":\"https:\/\/www.morelloaustera.com\/wp-content\/uploads\/2022\/09\/Morello_Logo_Web-03.png\",\"contentUrl\":\"https:\/\/www.morelloaustera.com\/wp-content\/uploads\/2022\/09\/Morello_Logo_Web-03.png\",\"width\":1181,\"height\":405,\"caption\":\"Morelloaustera\"},\"image\":{\"@id\":\"https:\/\/www.morelloaustera.com\/it\/#\/schema\/logo\/image\/\"},\"sameAs\":[\"https:\/\/www.facebook.com\/morelloaustera.austera\",\"https:\/\/www.instagram.com\/amarena_di_cantiano\/\"]}]}<\/script>\n<!-- \/ Yoast SEO plugin. -->","yoast_head_json":{"title":"Privacy Policy - morelloAustera","robots":{"index":"index","follow":"follow","max-snippet":"max-snippet:-1","max-image-preview":"max-image-preview:large","max-video-preview":"max-video-preview:-1"},"canonical":"https:\/\/www.morelloaustera.com\/it\/privacy-policy\/","og_locale":"it_IT","og_type":"article","og_title":"Privacy Policy - morelloAustera","og_description":"[vc_row][vc_column][vc_custom_heading text=&#8221;Privacy Policy&#8221; use_theme_fonts=&#8221;yes&#8221; el_class=&#8221;titolomisto&#8221; css=&#8221;.vc_custom_1662717558726{padding-top: 50px !important;padding-bottom: 50px !important;}&#8221;][vc_column_text el_class=&#8221;informativa&#8221;]Desideriamo informarla che il \u201cRegolamento Europeo 2016\/679 relativo alla protezione delle persone fisiche con riguardo al Trattamento dei Dati Personali, nonch\u00e9 alla libera circolazione di tali dati\u201d (da ora in poi \u201cGDPR\u201d) prevede la tutela delle persone e di altri soggetti rispetto al trattamento dei [&hellip;]","og_url":"https:\/\/www.morelloaustera.com\/it\/privacy-policy\/","og_site_name":"morelloAustera","article_publisher":"https:\/\/www.facebook.com\/morelloaustera.austera","article_modified_time":"2022-09-09T09:59:33+00:00","og_image":[{"width":1921,"height":992,"url":"https:\/\/www.morelloaustera.com\/wp-content\/uploads\/2022\/08\/img-sito-morello-16.jpg","type":"image\/jpeg"}],"twitter_card":"summary_large_image","twitter_misc":{"Tempo di lettura stimato":"5 minuti"},"schema":{"@context":"https:\/\/schema.org","@graph":[{"@type":"WebPage","@id":"https:\/\/www.morelloaustera.com\/it\/privacy-policy\/","url":"https:\/\/www.morelloaustera.com\/it\/privacy-policy\/","name":"Privacy Policy - morelloAustera","isPartOf":{"@id":"https:\/\/www.morelloaustera.com\/it\/#website"},"datePublished":"2022-06-03T15:14:30+00:00","dateModified":"2022-09-09T09:59:33+00:00","breadcrumb":{"@id":"https:\/\/www.morelloaustera.com\/it\/privacy-policy\/#breadcrumb"},"inLanguage":"it-IT","potentialAction":[{"@type":"ReadAction","target":["https:\/\/www.morelloaustera.com\/it\/privacy-policy\/"]}]},{"@type":"BreadcrumbList","@id":"https:\/\/www.morelloaustera.com\/it\/privacy-policy\/#breadcrumb","itemListElement":[{"@type":"ListItem","position":1,"name":"Home","item":"https:\/\/www.morelloaustera.com\/it\/"},{"@type":"ListItem","position":2,"name":"Privacy Policy"}]},{"@type":"WebSite","@id":"https:\/\/www.morelloaustera.com\/it\/#website","url":"https:\/\/www.morelloaustera.com\/it\/","name":"morelloAustera","description":"L&#039;amarena di Cantiano","publisher":{"@id":"https:\/\/www.morelloaustera.com\/it\/#organization"},"potentialAction":[{"@type":"SearchAction","target":{"@type":"EntryPoint","urlTemplate":"https:\/\/www.morelloaustera.com\/it\/?s={search_term_string}"},"query-input":{"@type":"PropertyValueSpecification","valueRequired":true,"valueName":"search_term_string"}}],"inLanguage":"it-IT"},{"@type":"Organization","@id":"https:\/\/www.morelloaustera.com\/it\/#organization","name":"Morelloaustera","url":"https:\/\/www.morelloaustera.com\/it\/","logo":{"@type":"ImageObject","inLanguage":"it-IT","@id":"https:\/\/www.morelloaustera.com\/it\/#\/schema\/logo\/image\/","url":"https:\/\/www.morelloaustera.com\/wp-content\/uploads\/2022\/09\/Morello_Logo_Web-03.png","contentUrl":"https:\/\/www.morelloaustera.com\/wp-content\/uploads\/2022\/09\/Morello_Logo_Web-03.png","width":1181,"height":405,"caption":"Morelloaustera"},"image":{"@id":"https:\/\/www.morelloaustera.com\/it\/#\/schema\/logo\/image\/"},"sameAs":["https:\/\/www.facebook.com\/morelloaustera.austera","https:\/\/www.instagram.com\/amarena_di_cantiano\/"]}]}},"_links":{"self":[{"href":"https:\/\/www.morelloaustera.com\/it\/wp-json\/wp\/v2\/pages\/3","targetHints":{"allow":["GET"]}}],"collection":[{"href":"https:\/\/www.morelloaustera.com\/it\/wp-json\/wp\/v2\/pages"}],"about":[{"href":"https:\/\/www.morelloaustera.com\/it\/wp-json\/wp\/v2\/types\/page"}],"author":[{"embeddable":true,"href":"https:\/\/www.morelloaustera.com\/it\/wp-json\/wp\/v2\/users\/1"}],"replies":[{"embeddable":true,"href":"https:\/\/www.morelloaustera.com\/it\/wp-json\/wp\/v2\/comments?post=3"}],"version-history":[{"count":6,"href":"https:\/\/www.morelloaustera.com\/it\/wp-json\/wp\/v2\/pages\/3\/revisions"}],"predecessor-version":[{"id":1101,"href":"https:\/\/www.morelloaustera.com\/it\/wp-json\/wp\/v2\/pages\/3\/revisions\/1101"}],"wp:attachment":[{"href":"https:\/\/www.morelloaustera.com\/it\/wp-json\/wp\/v2\/media?parent=3"}],"curies":[{"name":"wp","href":"https:\/\/api.w.org\/{rel}","templated":true}]}}