{"id":92,"date":"2022-06-27T08:38:52","date_gmt":"2022-06-27T08:38:52","guid":{"rendered":"https:\/\/www.morelloaustera.com\/?page_id=92"},"modified":"2022-10-06T08:32:47","modified_gmt":"2022-10-06T08:32:47","slug":"il-bosco","status":"publish","type":"page","link":"https:\/\/www.morelloaustera.com\/it\/il-bosco\/","title":{"rendered":"il bosco"},"content":{"rendered":"<div class=\"wpb-content-wrapper\"><p>[vc_row full_width=&#8221;stretch_row_content&#8221; equal_height=&#8221;yes&#8221; el_class=&#8221;rowsminh bgcol1 overflowgiu prima&#8221;][vc_column width=&#8221;1\/2&#8243; css=&#8221;.vc_custom_1662070499968{background-image: url(https:\/\/www.morelloaustera.com\/wp-content\/uploads\/2022\/06\/morello-austera-7-2.jpg?id=164) !important;background-position: center !important;background-repeat: no-repeat !important;background-size: cover !important;}&#8221; el_class=&#8221;overflow-bottom soloimg&#8221;][\/vc_column][vc_column width=&#8221;1\/2&#8243; el_class=&#8221;col-testo testo-dx&#8221;][vc_column_text el_class=&#8221;titolomisto&#8221;]<\/p>\n<h1>Il Bosco. <em>VALORI\/MISSIONE\/MERCATO<\/em><\/h1>\n<p>[\/vc_column_text][vc_column_text]<strong>Qualit\u00e0<\/strong>, per l\u2019amore che proviamo per questa terra.<br \/>\n<strong>Ascolto<\/strong>, per migliorare, sempre.<br \/>\n<strong>Disponibilit\u00e0 e Velocit\u00e0<\/strong>, per soddisfare le eisgenze di chi vende e trasforma la nostra materia.<br \/>\n<strong>Affidabilit\u00e0<\/strong>, perch\u00e9 ci rivolgiamo ad attivit\u00e0 che cercano un partner di fiducia.<\/p>\n<h4>Perseguiamo i nostri valori spinti dal desiderio di portare l&#8217;Amarena di Cantiano, simbolo di questa terra, nel mondo.<\/h4>\n<p>[\/vc_column_text][\/vc_column][\/vc_row][vc_row full_width=&#8221;stretch_row_content&#8221; content_placement=&#8221;middle&#8221; css=&#8221;.vc_custom_1662474996385{background-image: url(https:\/\/www.morelloaustera.com\/wp-content\/uploads\/2022\/07\/sfondi-bosco.png?id=299) !important;background-position: center !important;background-repeat: no-repeat !important;background-size: cover !important;}&#8221; el_class=&#8221;rowsminh nobgimg&#8221;][vc_column width=&#8221;1\/6&#8243; el_class=&#8221;col-testo2&#8243; offset=&#8221;vc_hidden-md vc_hidden-sm vc_hidden-xs&#8221;][\/vc_column][vc_column width=&#8221;2\/3&#8243; el_class=&#8221;col-testo2&#8243;][vc_column_text]<\/p>\n<h4 style=\"text-align: center;\">Ci rivolgiamo a una fitta rete di piccole realt\u00e0 che producono e vendono qualit\u00e0 grazie al proprio saper fare.<\/h4>\n<p style=\"text-align: center;\">Ad oggi il 30% del fatturato viene da piccole attivit\u00e0 in giro per il mondo, che ci scelgono nonostante il sovrapprezzo della spedizione perch\u00e9 riconoscono la nostra qualit\u00e0.<\/p>\n<h4 style=\"text-align: center;\">Ci piace pensare che i nostri prodotti in questo modo possano avere una seconda vita, mescolandosi con culture lontane e vicine.<\/h4>\n<p>[\/vc_column_text][vc_btn title=&#8221;AMARENA E PRODOTTI&#8221; style=&#8221;flat&#8221; shape=&#8221;square&#8221; color=&#8221;white&#8221; align=&#8221;center&#8221; i_align=&#8221;right&#8221; i_icon_fontawesome=&#8221;fas fa-arrow-right&#8221; add_icon=&#8221;true&#8221; el_class=&#8221;btn-freccia&#8221; link=&#8221;url:https%3A%2F%2Fwww.morelloaustera.com%2Fnaturalmente-prodotti%2F|title:naturalmente%20prodotti&#8221;][\/vc_column][vc_column width=&#8221;1\/6&#8243; offset=&#8221;vc_hidden-md vc_hidden-sm vc_hidden-xs&#8221;][\/vc_column][\/vc_row][vc_row full_width=&#8221;stretch_row_content&#8221; equal_height=&#8221;yes&#8221; el_class=&#8221;rowsminh&#8221;][vc_column width=&#8221;1\/2&#8243; el_class=&#8221;col-testo bgcol1&#8243;][vc_column_text]<strong>Per i rivenditori <\/strong>i nostri prodotti non sono solo amarene o confetture, ma un pezzo della nostra terra, un marchio di semplice qualit\u00e0.<\/p>\n<p><strong>Per chi fa gelato e pasticceria <\/strong>la nostra amarena \u00e8 il modo per valorizzare le proprie doti creative, ci piace mescolarci con il sapere altrui, per il solo fine di stimolare i sensi di chi assaggia. Il piacere del cibo buono, veramente.<\/p>\n<p>Spesso chi ci sceglie espone il nostro marchio, i nostri prodotti.<strong> Questo comunica al cliente finale una filiera genuina e di qualit\u00e0, un&#8217;attenzione sempre pi\u00f9 importante grazie alla consapevolezza odierna e alla volont\u00e0 di riscoprire luoghi naturali.<\/strong>[\/vc_column_text][vc_btn title=&#8221;CONTATTACI&#8221; style=&#8221;flat&#8221; shape=&#8221;square&#8221; color=&#8221;white&#8221; align=&#8221;left&#8221; i_align=&#8221;right&#8221; i_icon_fontawesome=&#8221;fas fa-arrow-right&#8221; add_icon=&#8221;true&#8221; el_class=&#8221;btn-freccia&#8221; link=&#8221;url:https%3A%2F%2Fwww.morelloaustera.com%2Fcontatti%2F|title:contatti&#8221;][\/vc_column][vc_column width=&#8221;1\/2&#8243; css=&#8221;.vc_custom_1662070643462{background-image: url(https:\/\/www.morelloaustera.com\/wp-content\/uploads\/2022\/08\/img-sito-morello-18.jpg?id=324) !important;background-position: center !important;background-repeat: no-repeat !important;background-size: cover !important;}&#8221; el_class=&#8221;soloimg&#8221;][\/vc_column][\/vc_row][vc_row full_width=&#8221;stretch_row_content&#8221; equal_height=&#8221;yes&#8221; el_class=&#8221;rowsminh&#8221;][vc_column width=&#8221;1\/2&#8243; css=&#8221;.vc_custom_1662073934692{background-image: url(https:\/\/www.morelloaustera.com\/wp-content\/uploads\/2022\/08\/amarena-negozio.jpg?id=449) !important;background-position: center !important;background-repeat: no-repeat !important;background-size: cover !important;}&#8221; el_class=&#8221;soloimg&#8221;][\/vc_column][vc_column width=&#8221;1\/2&#8243; el_class=&#8221;col-testo testo-dx&#8221;][vc_column_text]<\/p>\n<h4>I nostri valori e il nostro impegno incontrano terreno favorevole nel mercato, in questo periodo di profondi cambiamenti la qualit\u00e0 e i prodotti lavorati naturalmente sono la scelta di molti.<\/h4>\n<p>[\/vc_column_text][vc_btn title=&#8221;VISITA LA NOSTRA TERRA, PRENOTA I TUOI PRODOTTI&#8221; style=&#8221;flat&#8221; shape=&#8221;square&#8221; color=&#8221;white&#8221; align=&#8221;left&#8221; i_align=&#8221;right&#8221; i_icon_fontawesome=&#8221;fas fa-arrow-right&#8221; add_icon=&#8221;true&#8221; el_class=&#8221;btn-freccia&#8221; link=&#8221;url:https%3A%2F%2Fwww.morelloaustera.com%2Fcontatti%2F%23contatti|title:contatti&#8221;][\/vc_column][\/vc_row]<\/p>\n<\/div>","protected":false},"excerpt":{"rendered":"<p>[vc_row full_width=&#8221;stretch_row_content&#8221; equal_height=&#8221;yes&#8221; el_class=&#8221;rowsminh bgcol1 overflowgiu prima&#8221;][vc_column width=&#8221;1\/2&#8243; css=&#8221;.vc_custom_1662070499968{background-image: url(https:\/\/www.morelloaustera.com\/wp-content\/uploads\/2022\/06\/morello-austera-7-2.jpg?id=164) !important;background-position: center !important;background-repeat: no-repeat !important;background-size: cover !important;}&#8221; el_class=&#8221;overflow-bottom soloimg&#8221;][\/vc_column][vc_column width=&#8221;1\/2&#8243; el_class=&#8221;col-testo testo-dx&#8221;][vc_column_text el_class=&#8221;titolomisto&#8221;] Il Bosco. VALORI\/MISSIONE\/MERCATO [\/vc_column_text][vc_column_text]Qualit\u00e0, per l\u2019amore che proviamo per questa terra. Ascolto, per migliorare, sempre. Disponibilit\u00e0 e Velocit\u00e0, per soddisfare le eisgenze di chi vende e trasforma la nostra materia. Affidabilit\u00e0, perch\u00e9 [&hellip;]<\/p>\n","protected":false},"author":1,"featured_media":0,"parent":0,"menu_order":0,"comment_status":"closed","ping_status":"closed","template":"fullwidth.php","meta":{"_acf_changed":false,"content-type":"","footnotes":""},"class_list":["post-92","page","type-page","status-publish","hentry"],"acf":[],"yoast_head":"<!-- This site is optimized with the Yoast SEO plugin v26.0 - https:\/\/yoast.com\/wordpress\/plugins\/seo\/ -->\n<title>il bosco - morelloAustera<\/title>\n<meta name=\"robots\" content=\"index, follow, max-snippet:-1, max-image-preview:large, max-video-preview:-1\" \/>\n<link rel=\"canonical\" href=\"https:\/\/www.morelloaustera.com\/it\/il-bosco\/\" \/>\n<meta property=\"og:locale\" content=\"it_IT\" \/>\n<meta property=\"og:type\" content=\"article\" \/>\n<meta property=\"og:title\" content=\"il bosco - morelloAustera\" \/>\n<meta property=\"og:description\" content=\"[vc_row full_width=&#8221;stretch_row_content&#8221; equal_height=&#8221;yes&#8221; el_class=&#8221;rowsminh bgcol1 overflowgiu prima&#8221;][vc_column width=&#8221;1\/2&#8243; css=&#8221;.vc_custom_1662070499968{background-image: url(https:\/\/www.morelloaustera.com\/wp-content\/uploads\/2022\/06\/morello-austera-7-2.jpg?id=164) !important;background-position: center !important;background-repeat: no-repeat !important;background-size: cover !important;}&#8221; el_class=&#8221;overflow-bottom soloimg&#8221;][\/vc_column][vc_column width=&#8221;1\/2&#8243; el_class=&#8221;col-testo testo-dx&#8221;][vc_column_text el_class=&#8221;titolomisto&#8221;] Il Bosco. VALORI\/MISSIONE\/MERCATO [\/vc_column_text][vc_column_text]Qualit\u00e0, per l\u2019amore che proviamo per questa terra. Ascolto, per migliorare, sempre. Disponibilit\u00e0 e Velocit\u00e0, per soddisfare le eisgenze di chi vende e trasforma la nostra materia. Affidabilit\u00e0, perch\u00e9 [&hellip;]\" \/>\n<meta property=\"og:url\" content=\"https:\/\/www.morelloaustera.com\/it\/il-bosco\/\" \/>\n<meta property=\"og:site_name\" content=\"morelloAustera\" \/>\n<meta property=\"article:publisher\" content=\"https:\/\/www.facebook.com\/morelloaustera.austera\" \/>\n<meta property=\"article:modified_time\" content=\"2022-10-06T08:32:47+00:00\" \/>\n<meta property=\"og:image\" content=\"https:\/\/www.morelloaustera.com\/wp-content\/uploads\/2022\/08\/img-sito-morello-16.jpg\" \/>\n\t<meta property=\"og:image:width\" content=\"1921\" \/>\n\t<meta property=\"og:image:height\" content=\"992\" \/>\n\t<meta property=\"og:image:type\" content=\"image\/jpeg\" \/>\n<meta name=\"twitter:card\" content=\"summary_large_image\" \/>\n<meta name=\"twitter:label1\" content=\"Tempo di lettura stimato\" \/>\n\t<meta name=\"twitter:data1\" content=\"3 minuti\" \/>\n<script type=\"application\/ld+json\" class=\"yoast-schema-graph\">{\"@context\":\"https:\/\/schema.org\",\"@graph\":[{\"@type\":\"WebPage\",\"@id\":\"https:\/\/www.morelloaustera.com\/it\/il-bosco\/\",\"url\":\"https:\/\/www.morelloaustera.com\/it\/il-bosco\/\",\"name\":\"il bosco - morelloAustera\",\"isPartOf\":{\"@id\":\"https:\/\/www.morelloaustera.com\/it\/#website\"},\"datePublished\":\"2022-06-27T08:38:52+00:00\",\"dateModified\":\"2022-10-06T08:32:47+00:00\",\"breadcrumb\":{\"@id\":\"https:\/\/www.morelloaustera.com\/it\/il-bosco\/#breadcrumb\"},\"inLanguage\":\"it-IT\",\"potentialAction\":[{\"@type\":\"ReadAction\",\"target\":[\"https:\/\/www.morelloaustera.com\/it\/il-bosco\/\"]}]},{\"@type\":\"BreadcrumbList\",\"@id\":\"https:\/\/www.morelloaustera.com\/it\/il-bosco\/#breadcrumb\",\"itemListElement\":[{\"@type\":\"ListItem\",\"position\":1,\"name\":\"Home\",\"item\":\"https:\/\/www.morelloaustera.com\/it\/\"},{\"@type\":\"ListItem\",\"position\":2,\"name\":\"il bosco\"}]},{\"@type\":\"WebSite\",\"@id\":\"https:\/\/www.morelloaustera.com\/it\/#website\",\"url\":\"https:\/\/www.morelloaustera.com\/it\/\",\"name\":\"morelloAustera\",\"description\":\"L&#039;amarena di Cantiano\",\"publisher\":{\"@id\":\"https:\/\/www.morelloaustera.com\/it\/#organization\"},\"potentialAction\":[{\"@type\":\"SearchAction\",\"target\":{\"@type\":\"EntryPoint\",\"urlTemplate\":\"https:\/\/www.morelloaustera.com\/it\/?s={search_term_string}\"},\"query-input\":{\"@type\":\"PropertyValueSpecification\",\"valueRequired\":true,\"valueName\":\"search_term_string\"}}],\"inLanguage\":\"it-IT\"},{\"@type\":\"Organization\",\"@id\":\"https:\/\/www.morelloaustera.com\/it\/#organization\",\"name\":\"Morelloaustera\",\"url\":\"https:\/\/www.morelloaustera.com\/it\/\",\"logo\":{\"@type\":\"ImageObject\",\"inLanguage\":\"it-IT\",\"@id\":\"https:\/\/www.morelloaustera.com\/it\/#\/schema\/logo\/image\/\",\"url\":\"https:\/\/www.morelloaustera.com\/wp-content\/uploads\/2022\/09\/Morello_Logo_Web-03.png\",\"contentUrl\":\"https:\/\/www.morelloaustera.com\/wp-content\/uploads\/2022\/09\/Morello_Logo_Web-03.png\",\"width\":1181,\"height\":405,\"caption\":\"Morelloaustera\"},\"image\":{\"@id\":\"https:\/\/www.morelloaustera.com\/it\/#\/schema\/logo\/image\/\"},\"sameAs\":[\"https:\/\/www.facebook.com\/morelloaustera.austera\",\"https:\/\/www.instagram.com\/amarena_di_cantiano\/\"]}]}<\/script>\n<!-- \/ Yoast SEO plugin. -->","yoast_head_json":{"title":"il bosco - morelloAustera","robots":{"index":"index","follow":"follow","max-snippet":"max-snippet:-1","max-image-preview":"max-image-preview:large","max-video-preview":"max-video-preview:-1"},"canonical":"https:\/\/www.morelloaustera.com\/it\/il-bosco\/","og_locale":"it_IT","og_type":"article","og_title":"il bosco - morelloAustera","og_description":"[vc_row full_width=&#8221;stretch_row_content&#8221; equal_height=&#8221;yes&#8221; el_class=&#8221;rowsminh bgcol1 overflowgiu prima&#8221;][vc_column width=&#8221;1\/2&#8243; css=&#8221;.vc_custom_1662070499968{background-image: url(https:\/\/www.morelloaustera.com\/wp-content\/uploads\/2022\/06\/morello-austera-7-2.jpg?id=164) !important;background-position: center !important;background-repeat: no-repeat !important;background-size: cover !important;}&#8221; el_class=&#8221;overflow-bottom soloimg&#8221;][\/vc_column][vc_column width=&#8221;1\/2&#8243; el_class=&#8221;col-testo testo-dx&#8221;][vc_column_text el_class=&#8221;titolomisto&#8221;] Il Bosco. VALORI\/MISSIONE\/MERCATO [\/vc_column_text][vc_column_text]Qualit\u00e0, per l\u2019amore che proviamo per questa terra. Ascolto, per migliorare, sempre. Disponibilit\u00e0 e Velocit\u00e0, per soddisfare le eisgenze di chi vende e trasforma la nostra materia. Affidabilit\u00e0, perch\u00e9 [&hellip;]","og_url":"https:\/\/www.morelloaustera.com\/it\/il-bosco\/","og_site_name":"morelloAustera","article_publisher":"https:\/\/www.facebook.com\/morelloaustera.austera","article_modified_time":"2022-10-06T08:32:47+00:00","og_image":[{"width":1921,"height":992,"url":"https:\/\/www.morelloaustera.com\/wp-content\/uploads\/2022\/08\/img-sito-morello-16.jpg","type":"image\/jpeg"}],"twitter_card":"summary_large_image","twitter_misc":{"Tempo di lettura stimato":"3 minuti"},"schema":{"@context":"https:\/\/schema.org","@graph":[{"@type":"WebPage","@id":"https:\/\/www.morelloaustera.com\/it\/il-bosco\/","url":"https:\/\/www.morelloaustera.com\/it\/il-bosco\/","name":"il bosco - morelloAustera","isPartOf":{"@id":"https:\/\/www.morelloaustera.com\/it\/#website"},"datePublished":"2022-06-27T08:38:52+00:00","dateModified":"2022-10-06T08:32:47+00:00","breadcrumb":{"@id":"https:\/\/www.morelloaustera.com\/it\/il-bosco\/#breadcrumb"},"inLanguage":"it-IT","potentialAction":[{"@type":"ReadAction","target":["https:\/\/www.morelloaustera.com\/it\/il-bosco\/"]}]},{"@type":"BreadcrumbList","@id":"https:\/\/www.morelloaustera.com\/it\/il-bosco\/#breadcrumb","itemListElement":[{"@type":"ListItem","position":1,"name":"Home","item":"https:\/\/www.morelloaustera.com\/it\/"},{"@type":"ListItem","position":2,"name":"il bosco"}]},{"@type":"WebSite","@id":"https:\/\/www.morelloaustera.com\/it\/#website","url":"https:\/\/www.morelloaustera.com\/it\/","name":"morelloAustera","description":"L&#039;amarena di Cantiano","publisher":{"@id":"https:\/\/www.morelloaustera.com\/it\/#organization"},"potentialAction":[{"@type":"SearchAction","target":{"@type":"EntryPoint","urlTemplate":"https:\/\/www.morelloaustera.com\/it\/?s={search_term_string}"},"query-input":{"@type":"PropertyValueSpecification","valueRequired":true,"valueName":"search_term_string"}}],"inLanguage":"it-IT"},{"@type":"Organization","@id":"https:\/\/www.morelloaustera.com\/it\/#organization","name":"Morelloaustera","url":"https:\/\/www.morelloaustera.com\/it\/","logo":{"@type":"ImageObject","inLanguage":"it-IT","@id":"https:\/\/www.morelloaustera.com\/it\/#\/schema\/logo\/image\/","url":"https:\/\/www.morelloaustera.com\/wp-content\/uploads\/2022\/09\/Morello_Logo_Web-03.png","contentUrl":"https:\/\/www.morelloaustera.com\/wp-content\/uploads\/2022\/09\/Morello_Logo_Web-03.png","width":1181,"height":405,"caption":"Morelloaustera"},"image":{"@id":"https:\/\/www.morelloaustera.com\/it\/#\/schema\/logo\/image\/"},"sameAs":["https:\/\/www.facebook.com\/morelloaustera.austera","https:\/\/www.instagram.com\/amarena_di_cantiano\/"]}]}},"_links":{"self":[{"href":"https:\/\/www.morelloaustera.com\/it\/wp-json\/wp\/v2\/pages\/92","targetHints":{"allow":["GET"]}}],"collection":[{"href":"https:\/\/www.morelloaustera.com\/it\/wp-json\/wp\/v2\/pages"}],"about":[{"href":"https:\/\/www.morelloaustera.com\/it\/wp-json\/wp\/v2\/types\/page"}],"author":[{"embeddable":true,"href":"https:\/\/www.morelloaustera.com\/it\/wp-json\/wp\/v2\/users\/1"}],"replies":[{"embeddable":true,"href":"https:\/\/www.morelloaustera.com\/it\/wp-json\/wp\/v2\/comments?post=92"}],"version-history":[{"count":27,"href":"https:\/\/www.morelloaustera.com\/it\/wp-json\/wp\/v2\/pages\/92\/revisions"}],"predecessor-version":[{"id":1164,"href":"https:\/\/www.morelloaustera.com\/it\/wp-json\/wp\/v2\/pages\/92\/revisions\/1164"}],"wp:attachment":[{"href":"https:\/\/www.morelloaustera.com\/it\/wp-json\/wp\/v2\/media?parent=92"}],"curies":[{"name":"wp","href":"https:\/\/api.w.org\/{rel}","templated":true}]}}